{"id":1140,"date":"2024-07-08T19:34:45","date_gmt":"2024-07-08T19:34:45","guid":{"rendered":"https:\/\/teamkrachtwijzer.nl\/?page_id=1140"},"modified":"2024-07-09T13:59:01","modified_gmt":"2024-07-09T13:59:01","slug":"voorbeeld-diagnose-rapport","status":"publish","type":"page","link":"https:\/\/teamkrachtwijzer.nl\/?page_id=1140","title":{"rendered":"Voorbeeld diagnose"},"content":{"rendered":"\n<p style=\"font-size:18px\">De Teamkracht Wijzer-diagnosemethode is gebaseerd op het verandermodel van Knoster en adviseert teams en organisaties om te controleren of alle relevante elementen goed geborgd zijn. Het veronachtzamen van \u00e9\u00e9n van deze elementen leidt onvermijdelijk tot gedoe. In de praktijk betreft het zelden slechts \u00e9\u00e9n bouwblok;<\/p>\n\n\n\n<p style=\"font-size:18px\">Teamkracht Wijzer gaat een stap verder door ook de onderlinge verbanden tussen de verschillende bouwstenen te belichten. Dit biedt inzicht in welke bouwblokcombinatie aandacht vereist. <\/p>\n\n\n\n<p style=\"font-size:18px\">Het advies is om hiermee eerst aan de slag te gaan. <\/p>\n\n\n\n<div class=\"wp-block-columns is-layout-flex wp-container-core-columns-is-layout-28f84493 wp-block-columns-is-layout-flex\">\n<div class=\"wp-block-column is-layout-flow wp-block-column-is-layout-flow\" style=\"flex-basis:66.66%\">\n<div style=\"height:34px\" aria-hidden=\"true\" class=\"wp-block-spacer\"><\/div>\n\n\n\n<p style=\"font-size:20px\"><strong><mark style=\"background-color:rgba(0, 0, 0, 0);color:#0064a1\" class=\"has-inline-color\">Ontwikkelpunten of verbeterpotentieel voorbeeld:<\/mark><\/strong><\/p>\n\n\n\n<p style=\"font-size:15px\"><em>(lage teamkracht-score vs. hoge belangenscore op de volgende vragen)<\/em><\/p>\n\n\n\n<ol class=\"wp-block-list\">\n<li style=\"font-size:18px\"> Er is geen overeenstemming over de doelstelling \u00e9n de kernopdracht en het team mist duidelijk geformuleerde doelen voor de korte \u00e9n lange termijn.&nbsp;<\/li>\n\n\n\n<li style=\"font-size:18px\">Het team is niet tevreden over de besluitvorming in het team, de communicatie binnen&nbsp; het team verloopt niet soepel en scoort laag op het elkaar constructief feedback geven. &nbsp;<\/li>\n\n\n\n<li style=\"font-size:18px\">Het team mist een duidelijk plan hoe de doelstellingen behaald moeten worden<\/li>\n<\/ol>\n<\/div>\n\n\n\n<div class=\"wp-block-column is-layout-flow wp-block-column-is-layout-flow\" style=\"flex-basis:33.33%\">\n<figure class=\"wp-block-image size-large is-resized\"><img loading=\"lazy\" decoding=\"async\" width=\"1024\" height=\"764\" src=\"https:\/\/teamkrachtwijzer.nl\/wp-content\/uploads\/2024\/07\/AdviesRapportAfbeelding-3-e1720460706804-1024x764.png\" alt=\"\" class=\"wp-image-1056\" style=\"width:387px;height:auto\" srcset=\"https:\/\/teamkrachtwijzer.nl\/wp-content\/uploads\/2024\/07\/AdviesRapportAfbeelding-3-e1720460706804-1024x764.png 1024w, https:\/\/teamkrachtwijzer.nl\/wp-content\/uploads\/2024\/07\/AdviesRapportAfbeelding-3-e1720460706804-300x224.png 300w, https:\/\/teamkrachtwijzer.nl\/wp-content\/uploads\/2024\/07\/AdviesRapportAfbeelding-3-e1720460706804-768x573.png 768w, https:\/\/teamkrachtwijzer.nl\/wp-content\/uploads\/2024\/07\/AdviesRapportAfbeelding-3-e1720460706804-1536x1147.png 1536w, https:\/\/teamkrachtwijzer.nl\/wp-content\/uploads\/2024\/07\/AdviesRapportAfbeelding-3-e1720460706804-600x448.png 600w, https:\/\/teamkrachtwijzer.nl\/wp-content\/uploads\/2024\/07\/AdviesRapportAfbeelding-3-e1720460706804.png 1641w\" sizes=\"auto, (max-width: 1024px) 100vw, 1024px\" \/><\/figure>\n<\/div>\n<\/div>\n\n\n\n<p>Hoge team-bouwsteen scores met een hoge belangenscore vormen de teamkracht , ofwel sterke punten van het team<\/p>\n\n\n\n<div class=\"wp-block-columns are-vertically-aligned-center is-layout-flex wp-container-core-columns-is-layout-28f84493 wp-block-columns-is-layout-flex\">\n<div class=\"wp-block-column is-vertically-aligned-center is-layout-flow wp-block-column-is-layout-flow\">\n<div style=\"height:50px\" aria-hidden=\"true\" class=\"wp-block-spacer\"><\/div>\n<\/div>\n\n\n\n<div class=\"wp-block-column is-vertically-aligned-center is-layout-flow wp-block-column-is-layout-flow\" style=\"flex-basis:50%\">\n<figure class=\"wp-block-image size-large is-resized\"><img loading=\"lazy\" decoding=\"async\" width=\"1024\" height=\"761\" src=\"https:\/\/teamkrachtwijzer.nl\/wp-content\/uploads\/2024\/07\/Prioriteiten-1-1024x761.png\" alt=\"\" class=\"wp-image-1144\" style=\"width:515px;height:auto\" srcset=\"https:\/\/teamkrachtwijzer.nl\/wp-content\/uploads\/2024\/07\/Prioriteiten-1-1024x761.png 1024w, https:\/\/teamkrachtwijzer.nl\/wp-content\/uploads\/2024\/07\/Prioriteiten-1-300x223.png 300w, https:\/\/teamkrachtwijzer.nl\/wp-content\/uploads\/2024\/07\/Prioriteiten-1-768x571.png 768w, https:\/\/teamkrachtwijzer.nl\/wp-content\/uploads\/2024\/07\/Prioriteiten-1-600x446.png 600w, https:\/\/teamkrachtwijzer.nl\/wp-content\/uploads\/2024\/07\/Prioriteiten-1.png 1435w\" sizes=\"auto, (max-width: 1024px) 100vw, 1024px\" \/><\/figure>\n<\/div>\n\n\n\n<div class=\"wp-block-column is-vertically-aligned-center is-layout-flow wp-block-column-is-layout-flow\" style=\"flex-basis:66.66%\">\n<div class=\"wp-block-group is-vertical is-layout-flex wp-container-core-group-is-layout-d6b9ab57 wp-block-group-is-layout-flex\">\n<p style=\"font-size:20px\"><strong><mark style=\"background-color:rgba(0, 0, 0, 0);color:#d1338a\" class=\"has-inline-color\">Teamkracht of sterkte van het team:<\/mark><\/strong><\/p>\n\n\n\n<p><em>(hoge teamkracht-score vs. hoge belangenscore van de volgende vragen)<\/em><\/p>\n\n\n\n<ol class=\"wp-block-list\">\n<li style=\"font-size:18px\">De verantwoordelijkheden binnen het team zijn duidelijk gedefinieerd en er heerst een hoge mate van tevredenheid over de structuur en rol- en taakverdeling &nbsp;<\/li>\n\n\n\n<li style=\"font-size:18px\">Het teamleden hebben alles wat ze nodig hebben om hun werk goed te kunnen doen.<\/li>\n\n\n\n<li style=\"font-size:18px\">Het team geeft aan goed op elkaar ingespeeld te zijn en waardering hebben voor elkaar.<\/li>\n\n\n\n<li style=\"font-size:18px\">De teamleden voelen zich gehoord en gaan met plezier naar hun werk &nbsp;<\/li>\n<\/ol>\n<\/div>\n<\/div>\n<\/div>\n\n\n\n<div class=\"wp-block-group is-vertical is-layout-flex wp-container-core-group-is-layout-fe9cc265 wp-block-group-is-layout-flex\">\n<p class=\"has-text-color has-link-color wp-elements-105b04a68fa9f2666a1c436e235c608d\" style=\"color:#d1338a;font-size:18px\"><strong><mark style=\"background-color:rgba(0, 0, 0, 0);color:#d1338a\" class=\"has-inline-color\"> <\/mark><\/strong><mark style=\"background-color:rgba(0, 0, 0, 0);color:#5fb7e7\" class=\"has-inline-color\"><strong>Input voor de Teamkracht Sessie<\/strong> &#8211; <strong>Verdieping<\/strong><\/mark><\/p>\n\n\n\n<div class=\"wp-block-group is-vertical is-layout-flex wp-container-core-group-is-layout-fe9cc265 wp-block-group-is-layout-flex\">\n<p style=\"font-size:18px\">Tijdens de Teamkracht Sessie diepen de teamleden verder uit wat in de Teamkracht Wijzer-vragenlijst op hoofdlijnen is vastgesteld. <\/p>\n\n\n\n<p style=\"font-size:18px\">Onder de begeleiding van een professionele teamcoach of facilitator, onderzoeken de teamleden samen wat er daadwerkelijk binnen het team speelt.<\/p>\n\n\n\n<p style=\"font-size:18px\">Als dit helder is, geeft het team zelf aan waar het naartoe wil en wat het daarvoor nodig heeft. <\/p>\n\n\n\n<p style=\"font-size:18px\">Het team stelt zelf prioriteiten om tot de gewenste ontwikkeling te komen. <\/p>\n\n\n\n<div style=\"height:19px\" aria-hidden=\"true\" class=\"wp-block-spacer wp-container-content-370e7c34\"><\/div>\n\n\n\n<p style=\"font-size:15px\">Voorbeeld Prioriteiten Top-5 <\/p>\n<\/div>\n\n\n\n<ol class=\"wp-block-list\">\n<li>Uitzoeken waarom er onduidelijkheid is over de doelstellingen en kernopdracht, en samenwerking aan heldere, gemeenschappelijke doelen.<\/li>\n\n\n\n<li> Identificeren van de knelpunten in de huidige communicatie en feedbackprocessen om effectievere methoden te ontwikkelen.<\/li>\n\n\n\n<li> Onderzoek het besluitvormingsproces om te zien waarom dit als onbevredigend wordt ervaren en zoeken naar manieren om dit te verbeteren.<\/li>\n\n\n\n<li>Verkennen hoe waardering en onderlinge relaties de samenwerking be\u00efnvloeden en hoe deze verder versterkt kunnen worden.<\/li>\n\n\n\n<li> Focus op het ontwikkelen van een helder en haalbaar plan voor het behalen van doelstellingen met actieve betrokkenheid van het team.<\/li>\n<\/ol>\n\n\n\n<p style=\"font-size:18px\">Deze punten zullen helpen om zowel de sterke punten te benutten als de uitdagingen aan te pakken voor een effectievere team samenwerking.<\/p>\n<\/div>\n\n\n\n<p class=\"has-text-align-right\"><a href=\"https:\/\/teamkrachtwijzer.nl\/?page_id=1028\"><img loading=\"lazy\" decoding=\"async\" width=\"50\" height=\"50\" class=\"wp-image-365\" style=\"width: 50px;\" src=\"https:\/\/teamkrachtwijzer.nl\/wp-content\/uploads\/2023\/03\/image-4.png\" alt=\"\" srcset=\"https:\/\/teamkrachtwijzer.nl\/wp-content\/uploads\/2023\/03\/image-4.png 150w, https:\/\/teamkrachtwijzer.nl\/wp-content\/uploads\/2023\/03\/image-4-100x100.png 100w\" sizes=\"auto, (max-width: 50px) 100vw, 50px\" \/>Terug<\/a><\/p>\n","protected":false},"excerpt":{"rendered":"<p>De Teamkracht Wijzer-diagnosemethode is gebaseerd op het verandermodel van Knoster en adviseert teams en organisaties om te controleren of alle relevante elementen goed geborgd zijn. Het veronachtzamen van \u00e9\u00e9n van deze elementen leidt onvermijdelijk tot gedoe. In de praktijk betreft<\/p>\n","protected":false},"author":1,"featured_media":0,"parent":0,"menu_order":0,"comment_status":"closed","ping_status":"closed","template":"","meta":{"footnotes":""},"class_list":["post-1140","page","type-page","status-publish","hentry","","tg-column-two"],"_links":{"self":[{"href":"https:\/\/teamkrachtwijzer.nl\/index.php?rest_route=\/wp\/v2\/pages\/1140","targetHints":{"allow":["GET"]}}],"collection":[{"href":"https:\/\/teamkrachtwijzer.nl\/index.php?rest_route=\/wp\/v2\/pages"}],"about":[{"href":"https:\/\/teamkrachtwijzer.nl\/index.php?rest_route=\/wp\/v2\/types\/page"}],"author":[{"embeddable":true,"href":"https:\/\/teamkrachtwijzer.nl\/index.php?rest_route=\/wp\/v2\/users\/1"}],"replies":[{"embeddable":true,"href":"https:\/\/teamkrachtwijzer.nl\/index.php?rest_route=%2Fwp%2Fv2%2Fcomments&post=1140"}],"version-history":[{"count":22,"href":"https:\/\/teamkrachtwijzer.nl\/index.php?rest_route=\/wp\/v2\/pages\/1140\/revisions"}],"predecessor-version":[{"id":1248,"href":"https:\/\/teamkrachtwijzer.nl\/index.php?rest_route=\/wp\/v2\/pages\/1140\/revisions\/1248"}],"wp:attachment":[{"href":"https:\/\/teamkrachtwijzer.nl\/index.php?rest_route=%2Fwp%2Fv2%2Fmedia&parent=1140"}],"curies":[{"name":"wp","href":"https:\/\/api.w.org\/{rel}","templated":true}]}}